{"id":8396,"date":"2019-04-29T11:33:52","date_gmt":"2019-04-29T11:33:52","guid":{"rendered":"https:\/\/experiencekrk.com\/adventure-travel\/"},"modified":"2020-01-30T16:41:53","modified_gmt":"2020-01-30T16:41:53","slug":"abenteuerreisen","status":"publish","type":"page","link":"https:\/\/experiencekrk.com\/de\/abenteuerreisen\/","title":{"rendered":"Abenteuerreisen"},"content":{"rendered":"<p>[vc_row][vc_column]<div class=\"mkdf-section-title-holder\">\n\t<h1 class=\"mkdf-section-title mkdf-section-title-medium\" >\n\tAbenteuerreisen<\/h1>\n<\/div>[vc_column_text]<span style=\"font-weight: 400;\">Wenn Sie eine Abwechslung vom Alltag suchen und etwas mehr Aktivit\u00e4t, Spa\u00df und Freude haben wollen, dann \u00fcberlegen Sie sich, was Krk zu bieten hat. Ein reiches Netzwerk von Rad- und Wanderwegen in der N\u00e4he der Olivenhaine, historische Sehensw\u00fcrdigkeiten und einige spektakul\u00e4re Naturschaupl\u00e4tze. Sie k\u00f6nnen an verschiedenen Wassersportarten teilnehmen, vom Tauchen bis zum Kajakfahren, Sie k\u00f6nnen sogar das Wakeboarding ausprobieren. L\u00f6sen Sie Ihren inneren Stress mit Paintball-K\u00e4mpfen oder stattdessen durch etwas Bogenschie\u00dfen.<\/span><\/p>\n<p><span style=\"font-weight: 400;\">Wenn Sie m\u00fcde werden und neue Energie brauchen, entspannen Sie sich und genie\u00dfen Sie die gro\u00dfe Auswahl an lokalen Speisen, die Ihre Geschmacksnerven auf eine ganz besondere Art und Weise stimulieren.<\/span>[\/vc_column_text][\/vc_column][\/vc_row][vc_row][vc_column]<div class=\"mkdf-separator-holder clearfix  mkdf-separator-center mkdf-separator-full-width\">\n\t<div class=\"mkdf-separator\" style=\"border-color: #ebebeb;border-style: solid;border-bottom-width: 1px;margin-top: 20px;margin-bottom: 45px\"><\/div>\n<\/div>\n[vc_row_inner][vc_column_inner width=&#8221;1\/3&#8243;][vc_single_image image=&#8221;4648&#8243; img_size=&#8221;full&#8221; alignment=&#8221;center&#8221; style=&#8221;vc_box_rounded&#8221; onclick=&#8221;custom_link&#8221; link=&#8221;https:\/\/experiencekrk.com\/de\/abenteuerreisen\/tauchzentren\/&#8221;][vc_column_text el_class=&#8221;custom-tour-text&#8221;]<\/p>\n<p style=\"text-align: center;\"><a href=\"https:\/\/experiencekrk.com\/de\/abenteuerreisen\/tauchzentren\/\"><span style=\"color: #870337;\"><strong>Tauchzentren<\/strong><\/span><\/a><\/p>\n<p>[\/vc_column_text][\/vc_column_inner][vc_column_inner width=&#8221;1\/3&#8243;][vc_single_image image=&#8221;4710&#8243; img_size=&#8221;full&#8221; alignment=&#8221;center&#8221; style=&#8221;vc_box_rounded&#8221; onclick=&#8221;custom_link&#8221; link=&#8221;https:\/\/experiencekrk.com\/de\/abenteuerreisen\/wakeboard-cable-krk\/&#8221;][vc_column_text el_class=&#8221;custom-tour-text&#8221;]<\/p>\n<p style=\"text-align: center;\"><span style=\"color: #870337;\"><strong><a href=\"https:\/\/experiencekrk.com\/de\/abenteuerreisen\/wakeboard-cable-krk\/\">Wakeboard Cable Krk<\/a><br \/>\n<\/strong><\/span><\/p>\n<p>[\/vc_column_text][\/vc_column_inner][vc_column_inner width=&#8221;1\/3&#8243;][vc_single_image image=&#8221;4708&#8243; img_size=&#8221;full&#8221; alignment=&#8221;center&#8221; style=&#8221;vc_box_rounded&#8221; onclick=&#8221;custom_link&#8221; link=&#8221;https:\/\/experiencekrk.com\/de\/abenteuerreisen\/kart-club-krk\/&#8221;][vc_column_text el_class=&#8221;custom-tour-text&#8221; css=&#8221;.vc_custom_1580398127628{border-right-width: 0px !important;border-left-width: 0px !important;background-position: center !important;background-repeat: no-repeat !important;background-size: contain !important;}&#8221;]<\/p>\n<p style=\"text-align: center;\"><span style=\"color: #870337;\"><strong><a href=\"https:\/\/experiencekrk.com\/de\/abenteuerreisen\/kart-club-krk\/\">Kart Club Krk<br \/>\n<\/a><\/strong><\/span><\/p>\n<p>[\/vc_column_text][\/vc_column_inner][\/vc_row_inner][\/vc_column][\/vc_row][vc_row][vc_column][vc_empty_space height=&#8221;40px&#8221;]<div class=\"mkdf-separator-holder clearfix  mkdf-separator-center mkdf-separator-full-width\">\n\t<div class=\"mkdf-separator\" style=\"border-color: #ebebeb;border-style: solid;border-bottom-width: 1px;margin-top: 20px;margin-bottom: 45px\"><\/div>\n<\/div>\n<div class=\"mkdf-section-title-holder\">\n\t<h1 class=\"mkdf-section-title mkdf-section-title-medium\" >\n\tRecommended tours<\/h1>\n<\/div><div class=\"mkdf-tours-list-holder mkdf-tours-gallery-with-hover\">\n\t\t\t\t\t\t<div class=\"mkdf-tours-list-pagination-data\">\n\t\t\t\t<input type=\"hidden\" name=\"order_by\" value=\"menu_order\">\n\t\t\t\t<input type=\"hidden\" name=\"order\" value=\"ASC\">\n\t\t\t\t<input type=\"hidden\" name=\"tour_category\" value=\"adventure-tours\">\n\t\t\t\t<input type=\"hidden\" name=\"number\" value=\"2\">\n\t\t\t\t<input type=\"hidden\" name=\"thumb_size\" value=\"voyage_landscape\">\n\t\t\t\t<input type=\"hidden\" name=\"next_page\" value=\"2\">\n\t\t\t\t<input type=\"hidden\" name=\"tour_type\" value=\"standard\">\n\t\t\t\t<input type=\"hidden\" name=\"image_size\" value=\"landscape\">\n\t\t\t\t<input type=\"hidden\" name=\"text_length\" value=\"90\">\n\t\t\t<\/div>\n\t\t\n\t\t\n\t\t<div class=\"mkdf-tours-list-holder-inner mkdf-two-items\">\n\n\t\t\t\t\n\t<div class=\"mkdf-tour-list-item-inner post-8701 tour-item type-tour-item status-publish has-post-thumbnail hentry tour-category-abenteuerreisen tour-category-radfahren\">\n\t\t<div class=\"mkdf-tours-standard-item post-8701 tour-item type-tour-item status-publish has-post-thumbnail hentry tour-category-abenteuerreisen tour-category-radfahren\">\n\t\t\t<div class=\"mkdf-tours-standard-item-image-holder\">\n\t\t\t<a href=\"https:\/\/experiencekrk.com\/de\/tour-item\/krk-bike-story\/\">\n\t\t\t\t<img width=\"600\" height=\"400\" src=\"https:\/\/experiencekrk.com\/wp-content\/uploads\/2019\/06\/City-of-Krk-krk-bike-story.jpg\" class=\"attachment-voyage_landscape size-voyage_landscape wp-post-image\" alt=\"\" loading=\"lazy\" srcset=\"https:\/\/experiencekrk.com\/wp-content\/uploads\/2019\/06\/City-of-Krk-krk-bike-story.jpg 600w, https:\/\/experiencekrk.com\/wp-content\/uploads\/2019\/06\/City-of-Krk-krk-bike-story-300x200.jpg 300w\" sizes=\"(max-width: 600px) 100vw, 600px\" \/>\n\t\t\t\t\t\t\t\t\t<span class=\"mkdf-tours-standard-item-label-holder\">\n\t\t\t\t\t\t\n\t\t<span class=\"mkdf-tour-item-label\">\n\t\t\t<span class=\"mkdf-tour-item-label-inner\">\n\t\t\t\t\t\t\t<\/span>\n\t\t<\/span>\n\n\t\t\t\t\t\t\t<\/span>\n\t\t\t\t\t\t\t<\/a>\n\t\t<\/div>\n\t\n\t<div class=\"mkdf-tours-standard-item-content-holder\">\n\t\t<div class=\"mkdf-tours-standard-item-title-price-holder\">\n\t\t\t<h5 class=\"mkdf-tour-title\" >\n\t\t\t\t<a href=\"https:\/\/experiencekrk.com\/de\/tour-item\/krk-bike-story\/\">Krk Bike Story<\/a>\n\n\t\t\t\t<span class=\"mkdf-tours-standard-item-price-holder\">\n\t\t\t\t\t\n\t\t<span class=\"mkdf-tours-price-holder\">\n\t\t\t\t\t\t\t<span class=\"mkdf-tours-item-price\">$1<\/span>\n\t\t\t\t\t\t\t\t<\/span>\n\n\t\t\t\t\t\t<\/span>\n\n\t\t\t<\/h5>\n\t\t<\/div>\n\n\t\t<div class=\"mkdf-tours-standard-item-rating\">\n\t\t\t\n\t\t\n\t\t\t\t<\/div>\n\n\t\t\t\t\t<div class=\"mkdf-tours-standard-item-excerpt\">\n\t\t\t\t[vc_row][vc_column][vc_column_text]Krk Bike Story ist eine Fahrrad- und Gastronomieveranstaltung, die traditionell an einem Wochenende im April und an einem Wochenende im Mai auf der Insel Krk stattfindet. Diese Veranstaltung wird von den \u00f6rtlichen Tourismusb\u00fcros auf der Insel Krk organisiert und f\u00fchrt durch die erstaunliche Radlandschaft vom Meer bis zum Mond-Plateau. Es gibt sechs verschiedene organisierte Radtouren, die sich voneinander unterscheiden, von denen f\u00fcr Familien mit Kindern bis hin zu denen f\u00fcr die Radprofis. W\u00e4hrend der organisierten Radtouren haben die Radfahrer die M\u00f6glichkeit, mehr \u00fcber das lokale Kulturerbe zu erfahren und den...\t\t\t<\/div>\n\t\t\n\t\t<div class=\"mkdf-tours-standard-item-bottom-content\">\n\t\t\t\t\t\t\t<div class=\"mkdf-tours-standard-item-bottom-item\">\n\t\t\t\t\t\n\t\t\n\t\t\t<div class=\"mkdf-tour-duration-holder\">\n\t\t\t    <span class=\"mkdf-tour-duration-icon mkdf-tour-info-icon\">\n\t\t\t\t\t<span class=\"lnr lnr-undo\"><\/span>\n\t\t\t    <\/span>\n\t\t\t\t<span class=\"mkdf-tour-info-label\">\n\t\t\t\t\t1\t\t\t\t<\/span>\n\t\t\t<\/div>\n\n\t\t\n\t\t\t\t\t\t<\/div>\n\t\t\t\n\t\t\t\t\t\t\t<div class=\"mkdf-tours-standard-item-bottom-item\">\n\t\t\t\t\t\n\t\t\n\t\t\t<div class=\"mkdf-tour-min-age-holder\">\n\t\t\t    <span class=\"mkdf-tour-min-age-icon mkdf-tour-info-icon\">\n\t\t\t\t    <span class=\"lnr lnr-user\"><\/span>\n\t\t\t    <\/span>\n\n\t\t\t\t<span class=\"mkdf-tour-info-label\">\n\t\t\t\t\t1+\n\t\t\t\t\t\t\t\t\t<\/span>\n\t\t\t<\/div>\n\n\t\t\n\t\t\t\t\t\t<\/div>\n\t\t\t\t\t<\/div>\n\t<\/div>\n<\/div>\t<\/div>\n\t\n\t<div class=\"mkdf-tour-list-item-inner post-8739 tour-item type-tour-item status-publish has-post-thumbnail hentry tour-category-abenteuerreisen tour-category-sommerurlaub\">\n\t\t<div class=\"mkdf-tours-standard-item post-8739 tour-item type-tour-item status-publish has-post-thumbnail hentry tour-category-abenteuerreisen tour-category-sommerurlaub\">\n\t\t\t<div class=\"mkdf-tours-standard-item-image-holder\">\n\t\t\t<a href=\"https:\/\/experiencekrk.com\/de\/tour-item\/ins-abenteuer-eintauchen\/\">\n\t\t\t\t<img width=\"600\" height=\"400\" src=\"https:\/\/experiencekrk.com\/wp-content\/uploads\/2019\/04\/City-of-Krk-Diving.jpg\" class=\"attachment-voyage_landscape size-voyage_landscape wp-post-image\" alt=\"\" loading=\"lazy\" srcset=\"https:\/\/experiencekrk.com\/wp-content\/uploads\/2019\/04\/City-of-Krk-Diving.jpg 600w, https:\/\/experiencekrk.com\/wp-content\/uploads\/2019\/04\/City-of-Krk-Diving-300x200.jpg 300w\" sizes=\"(max-width: 600px) 100vw, 600px\" \/>\n\t\t\t\t\t\t\t\t\t<span class=\"mkdf-tours-standard-item-label-holder\">\n\t\t\t\t\t\t\n\t\t<span class=\"mkdf-tour-item-label\">\n\t\t\t<span class=\"mkdf-tour-item-label-inner\">\n\t\t\t\t\t\t\t<\/span>\n\t\t<\/span>\n\n\t\t\t\t\t\t\t<\/span>\n\t\t\t\t\t\t\t<\/a>\n\t\t<\/div>\n\t\n\t<div class=\"mkdf-tours-standard-item-content-holder\">\n\t\t<div class=\"mkdf-tours-standard-item-title-price-holder\">\n\t\t\t<h5 class=\"mkdf-tour-title\" >\n\t\t\t\t<a href=\"https:\/\/experiencekrk.com\/de\/tour-item\/ins-abenteuer-eintauchen\/\">Ins Abenteuer eintauchen<\/a>\n\n\t\t\t\t<span class=\"mkdf-tours-standard-item-price-holder\">\n\t\t\t\t\t\n\t\t<span class=\"mkdf-tours-price-holder\">\n\t\t\t\t\t\t\t<span class=\"mkdf-tours-item-price\">$1<\/span>\n\t\t\t\t\t\t\t\t<\/span>\n\n\t\t\t\t\t\t<\/span>\n\n\t\t\t<\/h5>\n\t\t<\/div>\n\n\t\t<div class=\"mkdf-tours-standard-item-rating\">\n\t\t\t\n\t\t\n\t\t\t\t<\/div>\n\n\t\t\t\t\t<div class=\"mkdf-tours-standard-item-excerpt\">\n\t\t\t\t[vc_row][vc_column][vc_column_text]Das kristallklare Adriatische Meer mit seinem Reichtum an Meereslebewesen, Unterwasserh\u00f6hlen und Schiffswracks lockt das ganze Jahr \u00fcber Taucher auf die Insel Krk. In der Stadt gibt es mehrere Tauchzentren, die sowohl Kurse f\u00fcr Anf\u00e4nger, als auch gef\u00fchrte Unterwassertouren f\u00fcr erfahrene Taucher anbieten. Schl\u00fcpfen Sie in den Tauchanzug und erkunden Sie die erstaunliche Unterwasserwelt von Krk, die viele Geheimnisse verbirgt, darunter das Wrack des griechischen Schiffes Peltastis, das in den 1860er Jahren in der N\u00e4he von \u0160ilo versank. Oder entdecken Sie seltene Sch\u00e4tze wie den Felsengarten, einen der letzten Orte in...\t\t\t<\/div>\n\t\t\n\t\t<div class=\"mkdf-tours-standard-item-bottom-content\">\n\t\t\t\t\t\t\t<div class=\"mkdf-tours-standard-item-bottom-item\">\n\t\t\t\t\t\n\t\t\n\t\t\t<div class=\"mkdf-tour-duration-holder\">\n\t\t\t    <span class=\"mkdf-tour-duration-icon mkdf-tour-info-icon\">\n\t\t\t\t\t<span class=\"lnr lnr-undo\"><\/span>\n\t\t\t    <\/span>\n\t\t\t\t<span class=\"mkdf-tour-info-label\">\n\t\t\t\t\t1\t\t\t\t<\/span>\n\t\t\t<\/div>\n\n\t\t\n\t\t\t\t\t\t<\/div>\n\t\t\t\n\t\t\t\t\t\t\t<div class=\"mkdf-tours-standard-item-bottom-item\">\n\t\t\t\t\t\n\t\t\n\t\t\t<div class=\"mkdf-tour-min-age-holder\">\n\t\t\t    <span class=\"mkdf-tour-min-age-icon mkdf-tour-info-icon\">\n\t\t\t\t    <span class=\"lnr lnr-user\"><\/span>\n\t\t\t    <\/span>\n\n\t\t\t\t<span class=\"mkdf-tour-info-label\">\n\t\t\t\t\t1+\n\t\t\t\t\t\t\t\t\t<\/span>\n\t\t\t<\/div>\n\n\t\t\n\t\t\t\t\t\t<\/div>\n\t\t\t\t\t<\/div>\n\t<\/div>\n<\/div>\t<\/div>\n\n\t\t\t<div class=\"mkdf-tours-list-grid-sizer\"><\/div>\n\t\t<\/div>\n\n\t\t\n\n\t\t<\/div>[vc_empty_space height=&#8221;40px&#8221;][\/vc_column][\/vc_row]<\/p>\n","protected":false},"excerpt":{"rendered":"<p>[vc_row][vc_column][vc_column_text]Wenn Sie eine Abwechslung vom Alltag suchen und etwas mehr Aktivit\u00e4t, Spa\u00df und Freude haben wollen, dann \u00fcberlegen Sie sich, was Krk zu bieten hat. Ein reiches Netzwerk von Rad- und Wanderwegen in der N\u00e4he der Olivenhaine, historische Sehensw\u00fcrdigkeiten und einige spektakul\u00e4re Naturschaupl\u00e4tze. Sie k\u00f6nnen an verschiedenen Wassersportarten teilnehmen, vom Tauchen bis zum Kajakfahren, Sie k\u00f6nnen sogar das Wakeboarding ausprobieren. L\u00f6sen Sie Ihren inneren Stress mit Paintball-K\u00e4mpfen oder stattdessen durch etwas Bogenschie\u00dfen. Wenn Sie m\u00fcde werden und neue Energie brauchen, entspannen Sie sich und genie\u00dfen Sie die gro\u00dfe Auswahl an&#8230;<\/p>\n","protected":false},"author":1,"featured_media":0,"parent":0,"menu_order":0,"comment_status":"closed","ping_status":"closed","template":"","meta":[],"yoast_head":"<!-- This site is optimized with the Yoast SEO plugin v16.0.1 - https:\/\/yoast.com\/wordpress\/plugins\/seo\/ -->\n<title>Abenteuerreisen - Experience Krk<\/title>\n<link rel=\"canonical\" href=\"https:\/\/experiencekrk.com\/de\/abenteuerreisen\/\" \/>\n<meta property=\"og:locale\" content=\"de_DE\" \/>\n<meta property=\"og:type\" content=\"article\" \/>\n<meta property=\"og:title\" content=\"Abenteuerreisen - Experience Krk\" \/>\n<meta property=\"og:description\" content=\"[vc_row][vc_column][vc_column_text]Wenn Sie eine Abwechslung vom Alltag suchen und etwas mehr Aktivit\u00e4t, Spa\u00df und Freude haben wollen, dann \u00fcberlegen Sie sich, was Krk zu bieten hat. Ein reiches Netzwerk von Rad- und Wanderwegen in der N\u00e4he der Olivenhaine, historische Sehensw\u00fcrdigkeiten und einige spektakul\u00e4re Naturschaupl\u00e4tze. Sie k\u00f6nnen an verschiedenen Wassersportarten teilnehmen, vom Tauchen bis zum Kajakfahren, Sie k\u00f6nnen sogar das Wakeboarding ausprobieren. L\u00f6sen Sie Ihren inneren Stress mit Paintball-K\u00e4mpfen oder stattdessen durch etwas Bogenschie\u00dfen. Wenn Sie m\u00fcde werden und neue Energie brauchen, entspannen Sie sich und genie\u00dfen Sie die gro\u00dfe Auswahl an...\" \/>\n<meta property=\"og:url\" content=\"https:\/\/experiencekrk.com\/de\/abenteuerreisen\/\" \/>\n<meta property=\"og:site_name\" content=\"Experience Krk\" \/>\n<meta property=\"article:modified_time\" content=\"2020-01-30T16:41:53+00:00\" \/>\n<meta name=\"twitter:card\" content=\"summary_large_image\" \/>\n<meta name=\"twitter:label1\" content=\"Gesch\u00e4tzte Lesezeit\">\n\t<meta name=\"twitter:data1\" content=\"2\u00a0Minuten\">\n<script type=\"application\/ld+json\" class=\"yoast-schema-graph\">{\"@context\":\"https:\/\/schema.org\",\"@graph\":[{\"@type\":\"WebSite\",\"@id\":\"https:\/\/experiencekrk.com\/#website\",\"url\":\"https:\/\/experiencekrk.com\/\",\"name\":\"Experience Krk\",\"description\":\"Cultural Tours, Food &amp; Wine and more\",\"potentialAction\":[{\"@type\":\"SearchAction\",\"target\":\"https:\/\/experiencekrk.com\/?s={search_term_string}\",\"query-input\":\"required name=search_term_string\"}],\"inLanguage\":\"de\"},{\"@type\":\"WebPage\",\"@id\":\"https:\/\/experiencekrk.com\/de\/abenteuerreisen\/#webpage\",\"url\":\"https:\/\/experiencekrk.com\/de\/abenteuerreisen\/\",\"name\":\"Abenteuerreisen - Experience Krk\",\"isPartOf\":{\"@id\":\"https:\/\/experiencekrk.com\/#website\"},\"datePublished\":\"2019-04-29T11:33:52+00:00\",\"dateModified\":\"2020-01-30T16:41:53+00:00\",\"breadcrumb\":{\"@id\":\"https:\/\/experiencekrk.com\/de\/abenteuerreisen\/#breadcrumb\"},\"inLanguage\":\"de\",\"potentialAction\":[{\"@type\":\"ReadAction\",\"target\":[\"https:\/\/experiencekrk.com\/de\/abenteuerreisen\/\"]}]},{\"@type\":\"BreadcrumbList\",\"@id\":\"https:\/\/experiencekrk.com\/de\/abenteuerreisen\/#breadcrumb\",\"itemListElement\":[{\"@type\":\"ListItem\",\"position\":1,\"item\":{\"@type\":\"WebPage\",\"@id\":\"https:\/\/experiencekrk.com\/de\/\",\"url\":\"https:\/\/experiencekrk.com\/de\/\",\"name\":\"Home\"}},{\"@type\":\"ListItem\",\"position\":2,\"item\":{\"@type\":\"WebPage\",\"@id\":\"https:\/\/experiencekrk.com\/de\/abenteuerreisen\/\",\"url\":\"https:\/\/experiencekrk.com\/de\/abenteuerreisen\/\",\"name\":\"Abenteuerreisen\"}}]}]}<\/script>\n<!-- \/ Yoast SEO plugin. -->","_links":{"self":[{"href":"https:\/\/experiencekrk.com\/de\/wp-json\/wp\/v2\/pages\/8396"}],"collection":[{"href":"https:\/\/experiencekrk.com\/de\/wp-json\/wp\/v2\/pages"}],"about":[{"href":"https:\/\/experiencekrk.com\/de\/wp-json\/wp\/v2\/types\/page"}],"author":[{"embeddable":true,"href":"https:\/\/experiencekrk.com\/de\/wp-json\/wp\/v2\/users\/1"}],"replies":[{"embeddable":true,"href":"https:\/\/experiencekrk.com\/de\/wp-json\/wp\/v2\/comments?post=8396"}],"version-history":[{"count":4,"href":"https:\/\/experiencekrk.com\/de\/wp-json\/wp\/v2\/pages\/8396\/revisions"}],"predecessor-version":[{"id":9685,"href":"https:\/\/experiencekrk.com\/de\/wp-json\/wp\/v2\/pages\/8396\/revisions\/9685"}],"wp:attachment":[{"href":"https:\/\/experiencekrk.com\/de\/wp-json\/wp\/v2\/media?parent=8396"}],"curies":[{"name":"wp","href":"https:\/\/api.w.org\/{rel}","templated":true}]}}